{"id":174,"date":"2011-03-24T16:20:25","date_gmt":"2011-03-24T16:20:25","guid":{"rendered":"http:\/\/www.sdtorrelavega.com\/sdt\/\/?page_id=174"},"modified":"2015-04-13T20:49:24","modified_gmt":"2015-04-13T20:49:24","slug":"blog","status":"publish","type":"page","link":"http:\/\/www.sdtorrelavega.com\/sdt\/?page_id=174","title":{"rendered":"Actividades"},"content":{"rendered":"<p><a href=\"http:\/\/www.sdtorrelavega.com\/sdt\/wp-content\/uploads\/2014\/03\/8jpg.jpg\"><img decoding=\"async\" loading=\"lazy\" class=\"alignleft size-full wp-image-5046\" alt=\"8jpg.jpg\" src=\"http:\/\/www.sdtorrelavega.com\/sdt\/wp-content\/uploads\/2014\/03\/8jpg.jpg\" width=\"698\" height=\"467\" \/><\/a><a href=\"http:\/\/www.sdtorrelavega.com\/sdt\/wp-content\/uploads\/2011\/03\/Encuentro-Vega-del-Naranco-SDT.pdf\">Encuentro Vega del Naranco SDT<\/a><\/p>\n<p>El pasado 15 y 16 marzo la SDT, a iniciativa de su vocalia de escalada, llevo a cabo un encuentro de alta monta\u00f1a en la Vega del Naranco. El grupo de socios y amig@s del club pudimos disfrutar de una meteorolog\u00eda muy buena, con todo tipo de actividades de alta monta\u00f1a como el esqu\u00ed, monta\u00f1ismo, escalada en hielo&#8230; y esparcimiento&#8230;.!! Podeis ver las\u00a0 fotos\u00a0 en el apartado de la galer\u00eda.<\/p>\n<p>Gracias a tod@s! volveremos a repetir!<\/p>\n<p>&nbsp;<\/p>\n","protected":false},"excerpt":{"rendered":"<p>Encuentro Vega del Naranco SDT El pasado 15 y 16 marzo la SDT, a iniciativa de su vocalia de escalada, llevo a cabo un encuentro de alta monta\u00f1a en la Vega del Naranco. El grupo de socios y amig@s del club pudimos disfrutar de una meteorolog\u00eda muy buena, con todo tipo de actividades de alta&nbsp;<a href=\"http:\/\/www.sdtorrelavega.com\/sdt\/?page_id=174\" class=\"read-more\">Seguir leyendo<\/a><\/p>\n","protected":false},"author":1,"featured_media":0,"parent":0,"menu_order":0,"comment_status":"open","ping_status":"open","template":"page-blog.php","meta":[],"_links":{"self":[{"href":"http:\/\/www.sdtorrelavega.com\/sdt\/index.php?rest_route=\/wp\/v2\/pages\/174"}],"collection":[{"href":"http:\/\/www.sdtorrelavega.com\/sdt\/index.php?rest_route=\/wp\/v2\/pages"}],"about":[{"href":"http:\/\/www.sdtorrelavega.com\/sdt\/index.php?rest_route=\/wp\/v2\/types\/page"}],"author":[{"embeddable":true,"href":"http:\/\/www.sdtorrelavega.com\/sdt\/index.php?rest_route=\/wp\/v2\/users\/1"}],"replies":[{"embeddable":true,"href":"http:\/\/www.sdtorrelavega.com\/sdt\/index.php?rest_route=%2Fwp%2Fv2%2Fcomments&post=174"}],"version-history":[{"count":9,"href":"http:\/\/www.sdtorrelavega.com\/sdt\/index.php?rest_route=\/wp\/v2\/pages\/174\/revisions"}],"predecessor-version":[{"id":10568,"href":"http:\/\/www.sdtorrelavega.com\/sdt\/index.php?rest_route=\/wp\/v2\/pages\/174\/revisions\/10568"}],"wp:attachment":[{"href":"http:\/\/www.sdtorrelavega.com\/sdt\/index.php?rest_route=%2Fwp%2Fv2%2Fmedia&parent=174"}],"curies":[{"name":"wp","href":"https:\/\/api.w.org\/{rel}","templated":true}]}}